{"id":9025,"date":"2020-06-08T03:55:14","date_gmt":"2020-06-08T01:55:14","guid":{"rendered":"https:\/\/lajonchere.org\/equipe-pedagogique\/"},"modified":"2023-05-01T17:01:12","modified_gmt":"2023-05-01T15:01:12","slug":"team-pedagogic","status":"publish","type":"page","link":"https:\/\/lajonchere.org\/en\/team-pedagogic\/","title":{"rendered":"Team"},"content":{"rendered":"\t\t<div data-elementor-type=\"wp-page\" data-elementor-id=\"9025\" class=\"elementor elementor-9025 elementor-45\">\n\t\t\t\t\t\t<section class=\"elementor-section elementor-top-section elementor-element elementor-element-849d406 dsvy-col-stretched-none dsvy-bg-color-over-image elementor-section-boxed elementor-section-height-default elementor-section-height-default\" data-id=\"849d406\" data-element_type=\"section\" data-e-type=\"section\">\n\t\t\t\t\t\t<div class=\"elementor-container elementor-column-gap-default\">\n\t\t\t\t\t<div class=\"elementor-column elementor-col-100 elementor-top-column elementor-element elementor-element-49ffb2a dsvy-bg-color-over-image\" data-id=\"49ffb2a\" data-element_type=\"column\" data-e-type=\"column\">\n\t\t\t<div class=\"elementor-widget-wrap elementor-element-populated\">\n\t\t\t\t\t\t<div class=\"elementor-element elementor-element-ff4f206 dsvy-align-center dsvy-align-center elementor-widget elementor-widget-dsvy_heading\" data-id=\"ff4f206\" data-element_type=\"widget\" data-e-type=\"widget\" data-widget_type=\"dsvy_heading.default\">\n\t\t\t\t<div class=\"elementor-widget-container\">\n\t\t\t\t\t\t<div class=\"dsvy-heading-subheading center-align dsvy-reverse-heading-yes\"><span class=\"dsvy-element-subtitle oldh4\">\n\t\t\t\n\t\t\t\tOur team\n\t\t\t\n\t\t\t<\/span>\n\t\t<h1 class=\"dsvy-element-title\">\n\t\t\t\n\t\t\t\tThey accompany your children.\n\t\t\t\n\t\t\t<\/h1>\n\t\t<div class=\"dsvy-heading-desc\"><h2 style=\"font-size:22px;line-height:1.4em\"><strong> The staff and teachers of Lyc\u00e9e La Jonch\u00e8re are all passionate about teaching and\nare full of ideas to enable the students to learn at their own pace and in a fun way.<\/strong> <\/h2>\n\nPositive education develops a win-win relationship between a child and their parents,\nand between a pupil and their teachers.\nOur entire team is trained in the Gordon Method and positive communication\ntechnics. Learn about our teachers below.\n<strong> Learn about our teachers below  !<\/strong> <\/div><\/div>\t\t\t\t<\/div>\n\t\t\t\t<\/div>\n\t\t\t\t\t<\/div>\n\t\t<\/div>\n\t\t\t\t\t<\/div>\n\t\t<\/section>\n\t\t\t\t<section class=\"elementor-section elementor-top-section elementor-element elementor-element-b6d2f17 dsvy-bg-color-yes dsvy-elementor-bg-color-white dsvy-col-stretched-none dsvy-bg-color-over-image elementor-section-boxed elementor-section-height-default elementor-section-height-default\" data-id=\"b6d2f17\" data-element_type=\"section\" data-e-type=\"section\">\n\t\t\t\t\t\t<div class=\"elementor-container elementor-column-gap-no\">\n\t\t\t\t\t<div class=\"elementor-column elementor-col-100 elementor-top-column elementor-element elementor-element-c711c14 dsvy-bg-color-over-image\" data-id=\"c711c14\" data-element_type=\"column\" data-e-type=\"column\">\n\t\t\t<div class=\"elementor-widget-wrap elementor-element-populated\">\n\t\t\t\t\t\t<div class=\"elementor-element elementor-element-9a1345d elementor-widget elementor-widget-dsvy_team_element\" data-id=\"9a1345d\" data-element_type=\"widget\" data-e-type=\"widget\" data-widget_type=\"dsvy_team_element.default\">\n\t\t\t\t<div class=\"elementor-widget-container\">\n\t\t\t\t\t\n\t\t<div class=\"designervily-element designervily-element-team dsvy-element-team-style-2 designervily-element-viewtype-row-column designervily-gap-30px\" data-show=\"15\" data-columns=\"3\" data-loop=\"false\" data-autoplay=\"false\" data-center=\"false\" data-nav=\"false\" data-dots=\"false\" data-autoplayspeed=\"1000\" data-margin=\"30px\"><div class=\"designervily-element-inner\">\n\t\t\n\t\t\t<div class=\"dsvy-ele-header-area\">\n\t\t\t\t\t<div class=\"dsvy-heading-subheading center-align dsvy-reverse-heading-yes\"><\/div>\n\t\t\t\t\n\t\t\t<\/div>\n\n\t\t\t<div class=\"dsvy-element-posts-wrapper row multi-columns-row\">\n\n\t\t\t<article class=\"dsvy-ele dsvy-ele-team dsvy-team-style-2 col-md-4 equipe-en  \">\n\t<div class=\"designervily-post-item\"><div id=\"https:\/\/lajonchere.org\/en\/equipes-pedagogique\/julie-cuttoli\/\" class=\"hard-obf-link ts2 cl2\">\n\t\t<div class=\"designervily-team-image-box\">\n\t\t\t<div class=\"designervily-box-social-links\"><\/div>\n\t\t\t<div class=\"dsvy-featured-wrapper\"><a href=\"https:\/\/lajonchere.org\/en\/equipes-pedagogique\/julie-cuttoli\/\"><img fetchpriority=\"high\" decoding=\"async\" width=\"600\" height=\"800\" src=\"https:\/\/lajonchere.org\/media\/2022\/12\/IMG_7333-600x800.jpg\" class=\"attachment-dsvy-img-600x800 size-dsvy-img-600x800 wp-post-image\" alt=\"\" \/><\/a><\/div>\t\t<\/div><\/div>\n\t\t<div class=\"designervily-box-content\">\n\t\t\t<div class=\"designervily-box-team-position\">\n\t\t\t\t\t\t\t<\/div>\n\t\t\t<span class=\"dsvy-team-title oldh3\">Julie Cuttoli<\/span>\n\t\t<\/div>\n\t<\/div>\n\n<\/article><article class=\"dsvy-ele dsvy-ele-team dsvy-team-style-2 col-md-4 equipe-en  \">\n\t<div class=\"designervily-post-item\"><div id=\"https:\/\/lajonchere.org\/en\/equipes-pedagogique\/amandine-augereau\/\" class=\"hard-obf-link ts2 cl2\">\n\t\t<div class=\"designervily-team-image-box\">\n\t\t\t<div class=\"designervily-box-social-links\"><\/div>\n\t\t\t<div class=\"dsvy-featured-wrapper\"><a href=\"https:\/\/lajonchere.org\/en\/equipes-pedagogique\/amandine-augereau\/\"><img decoding=\"async\" width=\"414\" height=\"483\" src=\"https:\/\/lajonchere.org\/media\/2021\/04\/amandine.png\" class=\"attachment-dsvy-img-600x800 size-dsvy-img-600x800 wp-post-image\" alt=\"\" srcset=\"https:\/\/lajonchere.org\/media\/2021\/04\/amandine.png 414w, https:\/\/lajonchere.org\/media\/2021\/04\/amandine-257x300.png 257w\" sizes=\"(max-width: 414px) 100vw, 414px\" \/><\/a><\/div>\t\t<\/div><\/div>\n\t\t<div class=\"designervily-box-content\">\n\t\t\t<div class=\"designervily-box-team-position\">\n\t\t\t\t\t\t\t<\/div>\n\t\t\t<span class=\"dsvy-team-title oldh3\">Amandine Augereau<\/span>\n\t\t<\/div>\n\t<\/div>\n\n<\/article><article class=\"dsvy-ele dsvy-ele-team dsvy-team-style-2 col-md-4 equipe-en  \">\n\t<div class=\"designervily-post-item\"><div id=\"https:\/\/lajonchere.org\/en\/equipes-pedagogique\/jacquelyn-simpson\/\" class=\"hard-obf-link ts2 cl2\">\n\t\t<div class=\"designervily-team-image-box\">\n\t\t\t<div class=\"designervily-box-social-links\"><\/div>\n\t\t\t<div class=\"dsvy-featured-wrapper\"><a href=\"https:\/\/lajonchere.org\/en\/equipes-pedagogique\/jacquelyn-simpson\/\"><img decoding=\"async\" width=\"414\" height=\"483\" src=\"https:\/\/lajonchere.org\/media\/2021\/04\/jacquelyn.png\" class=\"attachment-dsvy-img-600x800 size-dsvy-img-600x800 wp-post-image\" alt=\"\" srcset=\"https:\/\/lajonchere.org\/media\/2021\/04\/jacquelyn.png 414w, https:\/\/lajonchere.org\/media\/2021\/04\/jacquelyn-257x300.png 257w\" sizes=\"(max-width: 414px) 100vw, 414px\" \/><\/a><\/div>\t\t<\/div><\/div>\n\t\t<div class=\"designervily-box-content\">\n\t\t\t<div class=\"designervily-box-team-position\">\n\t\t\t\t\t\t\t<\/div>\n\t\t\t<span class=\"dsvy-team-title oldh3\">Jacquelyn Simpson<\/span>\n\t\t<\/div>\n\t<\/div>\n\n<\/article><article class=\"dsvy-ele dsvy-ele-team dsvy-team-style-2 col-md-4 equipe-en  \">\n\t<div class=\"designervily-post-item\"><div id=\"https:\/\/lajonchere.org\/en\/equipes-pedagogique\/rayan-ziane\/\" class=\"hard-obf-link ts2 cl2\">\n\t\t<div class=\"designervily-team-image-box\">\n\t\t\t<div class=\"designervily-box-social-links\"><\/div>\n\t\t\t<div class=\"dsvy-featured-wrapper\"><a href=\"https:\/\/lajonchere.org\/en\/equipes-pedagogique\/rayan-ziane\/\"><img loading=\"lazy\" decoding=\"async\" width=\"414\" height=\"483\" src=\"https:\/\/lajonchere.org\/media\/2021\/04\/rayan.png\" class=\"attachment-dsvy-img-600x800 size-dsvy-img-600x800 wp-post-image\" alt=\"\" srcset=\"https:\/\/lajonchere.org\/media\/2021\/04\/rayan.png 414w, https:\/\/lajonchere.org\/media\/2021\/04\/rayan-257x300.png 257w\" sizes=\"(max-width: 414px) 100vw, 414px\" \/><\/a><\/div>\t\t<\/div><\/div>\n\t\t<div class=\"designervily-box-content\">\n\t\t\t<div class=\"designervily-box-team-position\">\n\t\t\t\t\t\t\t<\/div>\n\t\t\t<span class=\"dsvy-team-title oldh3\">Rayan Ziane<\/span>\n\t\t<\/div>\n\t<\/div>\n\n<\/article><article class=\"dsvy-ele dsvy-ele-team dsvy-team-style-2 col-md-4 equipe-en  \">\n\t<div class=\"designervily-post-item\"><div id=\"https:\/\/lajonchere.org\/en\/equipes-pedagogique\/carole-massaglia\/\" class=\"hard-obf-link ts2 cl2\">\n\t\t<div class=\"designervily-team-image-box\">\n\t\t\t<div class=\"designervily-box-social-links\"><\/div>\n\t\t\t<div class=\"dsvy-featured-wrapper\"><a href=\"https:\/\/lajonchere.org\/en\/equipes-pedagogique\/carole-massaglia\/\"><img loading=\"lazy\" decoding=\"async\" width=\"414\" height=\"483\" src=\"https:\/\/lajonchere.org\/media\/2021\/04\/carole.png\" class=\"attachment-dsvy-img-600x800 size-dsvy-img-600x800 wp-post-image\" alt=\"Staff\" srcset=\"https:\/\/lajonchere.org\/media\/2021\/04\/carole.png 414w, https:\/\/lajonchere.org\/media\/2021\/04\/carole-257x300.png 257w\" sizes=\"(max-width: 414px) 100vw, 414px\" \/><\/a><\/div>\t\t<\/div><\/div>\n\t\t<div class=\"designervily-box-content\">\n\t\t\t<div class=\"designervily-box-team-position\">\n\t\t\t\t\t\t\t<\/div>\n\t\t\t<span class=\"dsvy-team-title oldh3\">Carole Massaglia<\/span>\n\t\t<\/div>\n\t<\/div>\n\n<\/article><article class=\"dsvy-ele dsvy-ele-team dsvy-team-style-2 col-md-4 equipe-en  \">\n\t<div class=\"designervily-post-item\"><div id=\"https:\/\/lajonchere.org\/en\/equipes-pedagogique\/mathieu-zappavigna\/\" class=\"hard-obf-link ts2 cl2\">\n\t\t<div class=\"designervily-team-image-box\">\n\t\t\t<div class=\"designervily-box-social-links\"><\/div>\n\t\t\t<div class=\"dsvy-featured-wrapper\"><a href=\"https:\/\/lajonchere.org\/en\/equipes-pedagogique\/mathieu-zappavigna\/\"><img loading=\"lazy\" decoding=\"async\" width=\"414\" height=\"483\" src=\"https:\/\/lajonchere.org\/media\/2021\/04\/mathieu.png\" class=\"attachment-dsvy-img-600x800 size-dsvy-img-600x800 wp-post-image\" alt=\"\" srcset=\"https:\/\/lajonchere.org\/media\/2021\/04\/mathieu.png 414w, https:\/\/lajonchere.org\/media\/2021\/04\/mathieu-257x300.png 257w\" sizes=\"(max-width: 414px) 100vw, 414px\" \/><\/a><\/div>\t\t<\/div><\/div>\n\t\t<div class=\"designervily-box-content\">\n\t\t\t<div class=\"designervily-box-team-position\">\n\t\t\t\t\t\t\t<\/div>\n\t\t\t<span class=\"dsvy-team-title oldh3\">Mathieu Zappavigna<\/span>\n\t\t<\/div>\n\t<\/div>\n\n<\/article><article class=\"dsvy-ele dsvy-ele-team dsvy-team-style-2 col-md-4 equipe-en  \">\n\t<div class=\"designervily-post-item\"><div id=\"https:\/\/lajonchere.org\/en\/equipes-pedagogique\/karoline-kleineberg\/\" class=\"hard-obf-link ts2 cl2\">\n\t\t<div class=\"designervily-team-image-box\">\n\t\t\t<div class=\"designervily-box-social-links\"><\/div>\n\t\t\t<div class=\"dsvy-featured-wrapper\"><a href=\"https:\/\/lajonchere.org\/en\/equipes-pedagogique\/karoline-kleineberg\/\"><img loading=\"lazy\" decoding=\"async\" width=\"600\" height=\"800\" src=\"https:\/\/lajonchere.org\/media\/2022\/01\/IMG_7021-600x800.jpg\" class=\"attachment-dsvy-img-600x800 size-dsvy-img-600x800 wp-post-image\" alt=\"\" \/><\/a><\/div>\t\t<\/div><\/div>\n\t\t<div class=\"designervily-box-content\">\n\t\t\t<div class=\"designervily-box-team-position\">\n\t\t\t\t\t\t\t<\/div>\n\t\t\t<span class=\"dsvy-team-title oldh3\">Karoline Kleineberg<\/span>\n\t\t<\/div>\n\t<\/div>\n\n<\/article>\n\t\t\t<\/div>\n\n\t\t\t\n\t\t\n\t\t<\/div><!-- .designervily-element-inner -->   <\/div><!-- .designervily-element -->  \n\t    \t\t\t\t<\/div>\n\t\t\t\t<\/div>\n\t\t\t\t\t<\/div>\n\t\t<\/div>\n\t\t\t\t\t<\/div>\n\t\t<\/section>\n\t\t\t\t<section class=\"elementor-section elementor-top-section elementor-element elementor-element-71ff3955 dsvy-bg-color-yes dsvy-elementor-bg-color-globalcolor dsvy-text-color-white elementor-section-stretched dsvy-col-stretched-none dsvy-bg-color-over-image elementor-section-boxed elementor-section-height-default elementor-section-height-default\" data-id=\"71ff3955\" data-element_type=\"section\" data-e-type=\"section\" data-settings=\"{&quot;stretch_section&quot;:&quot;section-stretched&quot;}\">\n\t\t\t\t\t\t<div class=\"elementor-container elementor-column-gap-no\">\n\t\t\t\t\t<div class=\"elementor-column elementor-col-50 elementor-top-column elementor-element elementor-element-764ff006 dsvy-bg-color-over-image\" data-id=\"764ff006\" data-element_type=\"column\" data-e-type=\"column\">\n\t\t\t<div class=\"elementor-widget-wrap elementor-element-populated\">\n\t\t\t\t\t\t<div class=\"elementor-element elementor-element-1afec0be dsvy-align-center dsvy-align-left elementor-widget elementor-widget-dsvy_heading\" data-id=\"1afec0be\" data-element_type=\"widget\" data-e-type=\"widget\" data-widget_type=\"dsvy_heading.default\">\n\t\t\t\t<div class=\"elementor-widget-container\">\n\t\t\t\t\t\t<div class=\"dsvy-heading-subheading left-align dsvy-reverse-heading-yes\"><span class=\"dsvy-element-subtitle oldh4\">\n\t\t\t\n\t\t\t\tRestez inform\u00e9 des nouveaut\u00e9s\n\t\t\t\n\t\t\t<\/span>\n\t\t<h2 class=\"dsvy-element-title\">\n\t\t\t\n\t\t\t\tInscrivez-vous \u00e0 la newsletter\n\t\t\t\n\t\t\t<\/h2>\n\t\t<\/div>\t\t\t\t<\/div>\n\t\t\t\t<\/div>\n\t\t\t\t\t<\/div>\n\t\t<\/div>\n\t\t\t\t<div class=\"elementor-column elementor-col-50 elementor-top-column elementor-element elementor-element-3568b003 dsvy-bg-color-over-image\" data-id=\"3568b003\" data-element_type=\"column\" data-e-type=\"column\">\n\t\t\t<div class=\"elementor-widget-wrap elementor-element-populated\">\n\t\t\t\t\t\t<div class=\"elementor-element elementor-element-47e85ed2 elementor-widget elementor-widget-shortcode\" data-id=\"47e85ed2\" data-element_type=\"widget\" data-e-type=\"widget\" data-widget_type=\"shortcode.default\">\n\t\t\t\t<div class=\"elementor-widget-container\">\n\t\t\t\t\t\t\t<div class=\"elementor-shortcode\"><script>(function() {\n\twindow.mc4wp = window.mc4wp || {\n\t\tlisteners: [],\n\t\tforms: {\n\t\t\ton: function(evt, cb) {\n\t\t\t\twindow.mc4wp.listeners.push(\n\t\t\t\t\t{\n\t\t\t\t\t\tevent   : evt,\n\t\t\t\t\t\tcallback: cb\n\t\t\t\t\t}\n\t\t\t\t);\n\t\t\t}\n\t\t}\n\t}\n})();\n<\/script><!-- Mailchimp for WordPress v4.12.2 - https:\/\/wordpress.org\/plugins\/mailchimp-for-wp\/ --><form id=\"mc4wp-form-1\" class=\"mc4wp-form mc4wp-form-111\" method=\"post\" data-id=\"111\" data-name=\"Newsletter\" ><div class=\"mc4wp-form-fields\"><div class=\"dsvy-newsletter\">\r\n<input type=\"email\" name=\"EMAIL\" required=\"\" placeholder=\"Votre adresse email\">\r\n<button type=\"submit\" value=\"SUBMIT\">ENVOYER<\/button> \r\n<\/div><\/div><label style=\"display: none !important;\">Leave this field empty if you're human: <input type=\"text\" name=\"_mc4wp_honeypot\" value=\"\" tabindex=\"-1\" autocomplete=\"off\" \/><\/label><input type=\"hidden\" name=\"_mc4wp_timestamp\" value=\"1777461500\" \/><input type=\"hidden\" name=\"_mc4wp_form_id\" value=\"111\" \/><input type=\"hidden\" name=\"_mc4wp_form_element_id\" value=\"mc4wp-form-1\" \/><div class=\"mc4wp-response\"><\/div><\/form><!-- \/ Mailchimp for WordPress Plugin --><\/div>\n\t\t\t\t\t\t<\/div>\n\t\t\t\t<\/div>\n\t\t\t\t\t<\/div>\n\t\t<\/div>\n\t\t\t\t\t<\/div>\n\t\t<\/section>\n\t\t\t\t<\/div>\n\t\t","protected":false},"excerpt":{"rendered":"<p>Our team They accompany your children. The staff and teachers of Lyc\u00e9e La Jonch\u00e8re are all passionate about teaching and are full of ideas to enable the students to learn at their own pace and in a fun way. Positive education develops a win-win relationship between a child and their parents, and between a pupil and their teachers. Our entire team is trained in the Gordon Method and positive communication[&hellip;]<\/p>\n","protected":false},"author":7,"featured_media":0,"parent":0,"menu_order":8,"comment_status":"closed","ping_status":"closed","template":"","meta":{"_acf_changed":false,"footnotes":""},"class_list":["post-9025","page","type-page","status-publish","hentry"],"acf":[],"yoast_head":"<!-- This site is optimized with the Yoast SEO plugin v27.5 - https:\/\/yoast.com\/product\/yoast-seo-wordpress\/ -->\n<title>Pedagogic team - Alternative college - La Jonch\u00e8re<\/title>\n<meta name=\"description\" content=\"The staff and teachers of Lyc\u00e9e La Jonch\u00e8re are all passionate about teaching andare full of ideas to enable the students to learn at their own pace and in a fun way. Learn about our teachers !\" \/>\n<meta name=\"robots\" content=\"index, follow, max-snippet:-1, max-image-preview:large, max-video-preview:-1\" \/>\n<link rel=\"canonical\" href=\"https:\/\/lajonchere.org\/en\/team-pedagogic\/\" \/>\n<meta property=\"og:locale\" content=\"en_US\" \/>\n<meta property=\"og:type\" content=\"article\" \/>\n<meta property=\"og:title\" content=\"Pedagogic team - Alternative college - La Jonch\u00e8re\" \/>\n<meta property=\"og:description\" content=\"The staff and teachers of Lyc\u00e9e La Jonch\u00e8re are all passionate about teaching andare full of ideas to enable the students to learn at their own pace and in a fun way. Learn about our teachers !\" \/>\n<meta property=\"og:url\" content=\"https:\/\/lajonchere.org\/en\/team-pedagogic\/\" \/>\n<meta property=\"og:site_name\" content=\"La Jonch\u00e8re\" \/>\n<meta property=\"article:publisher\" content=\"https:\/\/www.facebook.com\/LaJonchere78\" \/>\n<meta property=\"article:modified_time\" content=\"2023-05-01T15:01:12+00:00\" \/>\n<meta property=\"og:image\" content=\"https:\/\/lajonchere.org\/media\/2022\/12\/IMG_7333-600x800.jpg\" \/>\n<meta name=\"twitter:card\" content=\"summary_large_image\" \/>\n<meta name=\"twitter:label1\" content=\"Est. reading time\" \/>\n\t<meta name=\"twitter:data1\" content=\"4 minutes\" \/>\n<script type=\"application\/ld+json\" class=\"yoast-schema-graph\">{\"@context\":\"https:\\\/\\\/schema.org\",\"@graph\":[{\"@type\":\"WebPage\",\"@id\":\"https:\\\/\\\/lajonchere.org\\\/en\\\/team-pedagogic\\\/\",\"url\":\"https:\\\/\\\/lajonchere.org\\\/en\\\/team-pedagogic\\\/\",\"name\":\"Pedagogic team - Alternative college - La Jonch\u00e8re\",\"isPartOf\":{\"@id\":\"https:\\\/\\\/lajonchere.org\\\/en\\\/#website\"},\"primaryImageOfPage\":{\"@id\":\"https:\\\/\\\/lajonchere.org\\\/en\\\/team-pedagogic\\\/#primaryimage\"},\"image\":{\"@id\":\"https:\\\/\\\/lajonchere.org\\\/en\\\/team-pedagogic\\\/#primaryimage\"},\"thumbnailUrl\":\"https:\\\/\\\/lajonchere.org\\\/media\\\/2022\\\/12\\\/IMG_7333-600x800.jpg\",\"datePublished\":\"2020-06-08T01:55:14+00:00\",\"dateModified\":\"2023-05-01T15:01:12+00:00\",\"description\":\"The staff and teachers of Lyc\u00e9e La Jonch\u00e8re are all passionate about teaching andare full of ideas to enable the students to learn at their own pace and in a fun way. Learn about our teachers !\",\"breadcrumb\":{\"@id\":\"https:\\\/\\\/lajonchere.org\\\/en\\\/team-pedagogic\\\/#breadcrumb\"},\"inLanguage\":\"en-US\",\"potentialAction\":[{\"@type\":\"ReadAction\",\"target\":[\"https:\\\/\\\/lajonchere.org\\\/en\\\/team-pedagogic\\\/\"]}]},{\"@type\":\"ImageObject\",\"inLanguage\":\"en-US\",\"@id\":\"https:\\\/\\\/lajonchere.org\\\/en\\\/team-pedagogic\\\/#primaryimage\",\"url\":\"https:\\\/\\\/lajonchere.org\\\/media\\\/2022\\\/12\\\/IMG_7333-600x800.jpg\",\"contentUrl\":\"https:\\\/\\\/lajonchere.org\\\/media\\\/2022\\\/12\\\/IMG_7333-600x800.jpg\"},{\"@type\":\"BreadcrumbList\",\"@id\":\"https:\\\/\\\/lajonchere.org\\\/en\\\/team-pedagogic\\\/#breadcrumb\",\"itemListElement\":[{\"@type\":\"ListItem\",\"position\":1,\"name\":\"Home\",\"item\":\"https:\\\/\\\/lajonchere.org\\\/en\\\/\"},{\"@type\":\"ListItem\",\"position\":2,\"name\":\"Team\"}]},{\"@type\":\"WebSite\",\"@id\":\"https:\\\/\\\/lajonchere.org\\\/en\\\/#website\",\"url\":\"https:\\\/\\\/lajonchere.org\\\/en\\\/\",\"name\":\"La Jonch\u00e8re\",\"description\":\"Coll\u00e8ge et Lyc\u00e9e Montessori\",\"publisher\":{\"@id\":\"https:\\\/\\\/lajonchere.org\\\/en\\\/#organization\"},\"potentialAction\":[{\"@type\":\"SearchAction\",\"target\":{\"@type\":\"EntryPoint\",\"urlTemplate\":\"https:\\\/\\\/lajonchere.org\\\/en\\\/?s={search_term_string}\"},\"query-input\":{\"@type\":\"PropertyValueSpecification\",\"valueRequired\":true,\"valueName\":\"search_term_string\"}}],\"inLanguage\":\"en-US\"},{\"@type\":\"Organization\",\"@id\":\"https:\\\/\\\/lajonchere.org\\\/en\\\/#organization\",\"name\":\"La Jonch\u00e8re\",\"url\":\"https:\\\/\\\/lajonchere.org\\\/en\\\/\",\"logo\":{\"@type\":\"ImageObject\",\"inLanguage\":\"en-US\",\"@id\":\"https:\\\/\\\/lajonchere.org\\\/en\\\/#\\\/schema\\\/logo\\\/image\\\/\",\"url\":\"https:\\\/\\\/lajonchere.org\\\/media\\\/2021\\\/05\\\/logo_horizontal_cmjnS.png\",\"contentUrl\":\"https:\\\/\\\/lajonchere.org\\\/media\\\/2021\\\/05\\\/logo_horizontal_cmjnS.png\",\"width\":900,\"height\":254,\"caption\":\"La Jonch\u00e8re\"},\"image\":{\"@id\":\"https:\\\/\\\/lajonchere.org\\\/en\\\/#\\\/schema\\\/logo\\\/image\\\/\"},\"sameAs\":[\"https:\\\/\\\/www.facebook.com\\\/LaJonchere78\",\"https:\\\/\\\/www.instagram.com\\\/lajonchere78\\\/\",\"https:\\\/\\\/www.linkedin.com\\\/company\\\/lajonchere\\\/\"]}]}<\/script>\n<!-- \/ Yoast SEO plugin. -->","yoast_head_json":{"title":"Pedagogic team - Alternative college - La Jonch\u00e8re","description":"The staff and teachers of Lyc\u00e9e La Jonch\u00e8re are all passionate about teaching andare full of ideas to enable the students to learn at their own pace and in a fun way. Learn about our teachers !","robots":{"index":"index","follow":"follow","max-snippet":"max-snippet:-1","max-image-preview":"max-image-preview:large","max-video-preview":"max-video-preview:-1"},"canonical":"https:\/\/lajonchere.org\/en\/team-pedagogic\/","og_locale":"en_US","og_type":"article","og_title":"Pedagogic team - Alternative college - La Jonch\u00e8re","og_description":"The staff and teachers of Lyc\u00e9e La Jonch\u00e8re are all passionate about teaching andare full of ideas to enable the students to learn at their own pace and in a fun way. Learn about our teachers !","og_url":"https:\/\/lajonchere.org\/en\/team-pedagogic\/","og_site_name":"La Jonch\u00e8re","article_publisher":"https:\/\/www.facebook.com\/LaJonchere78","article_modified_time":"2023-05-01T15:01:12+00:00","og_image":[{"url":"https:\/\/lajonchere.org\/media\/2022\/12\/IMG_7333-600x800.jpg","type":"","width":"","height":""}],"twitter_card":"summary_large_image","twitter_misc":{"Est. reading time":"4 minutes"},"schema":{"@context":"https:\/\/schema.org","@graph":[{"@type":"WebPage","@id":"https:\/\/lajonchere.org\/en\/team-pedagogic\/","url":"https:\/\/lajonchere.org\/en\/team-pedagogic\/","name":"Pedagogic team - Alternative college - La Jonch\u00e8re","isPartOf":{"@id":"https:\/\/lajonchere.org\/en\/#website"},"primaryImageOfPage":{"@id":"https:\/\/lajonchere.org\/en\/team-pedagogic\/#primaryimage"},"image":{"@id":"https:\/\/lajonchere.org\/en\/team-pedagogic\/#primaryimage"},"thumbnailUrl":"https:\/\/lajonchere.org\/media\/2022\/12\/IMG_7333-600x800.jpg","datePublished":"2020-06-08T01:55:14+00:00","dateModified":"2023-05-01T15:01:12+00:00","description":"The staff and teachers of Lyc\u00e9e La Jonch\u00e8re are all passionate about teaching andare full of ideas to enable the students to learn at their own pace and in a fun way. Learn about our teachers !","breadcrumb":{"@id":"https:\/\/lajonchere.org\/en\/team-pedagogic\/#breadcrumb"},"inLanguage":"en-US","potentialAction":[{"@type":"ReadAction","target":["https:\/\/lajonchere.org\/en\/team-pedagogic\/"]}]},{"@type":"ImageObject","inLanguage":"en-US","@id":"https:\/\/lajonchere.org\/en\/team-pedagogic\/#primaryimage","url":"https:\/\/lajonchere.org\/media\/2022\/12\/IMG_7333-600x800.jpg","contentUrl":"https:\/\/lajonchere.org\/media\/2022\/12\/IMG_7333-600x800.jpg"},{"@type":"BreadcrumbList","@id":"https:\/\/lajonchere.org\/en\/team-pedagogic\/#breadcrumb","itemListElement":[{"@type":"ListItem","position":1,"name":"Home","item":"https:\/\/lajonchere.org\/en\/"},{"@type":"ListItem","position":2,"name":"Team"}]},{"@type":"WebSite","@id":"https:\/\/lajonchere.org\/en\/#website","url":"https:\/\/lajonchere.org\/en\/","name":"La Jonch\u00e8re","description":"Coll\u00e8ge et Lyc\u00e9e Montessori","publisher":{"@id":"https:\/\/lajonchere.org\/en\/#organization"},"potentialAction":[{"@type":"SearchAction","target":{"@type":"EntryPoint","urlTemplate":"https:\/\/lajonchere.org\/en\/?s={search_term_string}"},"query-input":{"@type":"PropertyValueSpecification","valueRequired":true,"valueName":"search_term_string"}}],"inLanguage":"en-US"},{"@type":"Organization","@id":"https:\/\/lajonchere.org\/en\/#organization","name":"La Jonch\u00e8re","url":"https:\/\/lajonchere.org\/en\/","logo":{"@type":"ImageObject","inLanguage":"en-US","@id":"https:\/\/lajonchere.org\/en\/#\/schema\/logo\/image\/","url":"https:\/\/lajonchere.org\/media\/2021\/05\/logo_horizontal_cmjnS.png","contentUrl":"https:\/\/lajonchere.org\/media\/2021\/05\/logo_horizontal_cmjnS.png","width":900,"height":254,"caption":"La Jonch\u00e8re"},"image":{"@id":"https:\/\/lajonchere.org\/en\/#\/schema\/logo\/image\/"},"sameAs":["https:\/\/www.facebook.com\/LaJonchere78","https:\/\/www.instagram.com\/lajonchere78\/","https:\/\/www.linkedin.com\/company\/lajonchere\/"]}]}},"_links":{"self":[{"href":"https:\/\/lajonchere.org\/en\/wp-json\/wp\/v2\/pages\/9025","targetHints":{"allow":["GET"]}}],"collection":[{"href":"https:\/\/lajonchere.org\/en\/wp-json\/wp\/v2\/pages"}],"about":[{"href":"https:\/\/lajonchere.org\/en\/wp-json\/wp\/v2\/types\/page"}],"author":[{"embeddable":true,"href":"https:\/\/lajonchere.org\/en\/wp-json\/wp\/v2\/users\/7"}],"replies":[{"embeddable":true,"href":"https:\/\/lajonchere.org\/en\/wp-json\/wp\/v2\/comments?post=9025"}],"version-history":[{"count":8,"href":"https:\/\/lajonchere.org\/en\/wp-json\/wp\/v2\/pages\/9025\/revisions"}],"predecessor-version":[{"id":9099,"href":"https:\/\/lajonchere.org\/en\/wp-json\/wp\/v2\/pages\/9025\/revisions\/9099"}],"wp:attachment":[{"href":"https:\/\/lajonchere.org\/en\/wp-json\/wp\/v2\/media?parent=9025"}],"curies":[{"name":"wp","href":"https:\/\/api.w.org\/{rel}","templated":true}]}}