{"id":8386,"date":"2020-06-03T09:25:39","date_gmt":"2020-06-03T07:25:39","guid":{"rendered":"https:\/\/lajonchere.org\/contactez-nous\/"},"modified":"2026-03-04T14:08:30","modified_gmt":"2026-03-04T13:08:30","slug":"contact-us","status":"publish","type":"page","link":"https:\/\/lajonchere.org\/en\/contact-us\/","title":{"rendered":"Contact"},"content":{"rendered":"\t\t<div data-elementor-type=\"wp-page\" data-elementor-id=\"8386\" class=\"elementor elementor-8386\">\n\t\t\t\t\t\t<section class=\"elementor-section elementor-top-section elementor-element elementor-element-1f5792fc dsvy-col-stretched-none dsvy-bg-color-over-image elementor-section-boxed elementor-section-height-default elementor-section-height-default\" data-id=\"1f5792fc\" data-element_type=\"section\" data-e-type=\"section\">\n\t\t\t\t\t\t<div class=\"elementor-container elementor-column-gap-default\">\n\t\t\t\t\t<div class=\"elementor-column elementor-col-100 elementor-top-column elementor-element elementor-element-2647c75a dsvy-bg-color-over-image\" data-id=\"2647c75a\" data-element_type=\"column\" data-e-type=\"column\">\n\t\t\t<div class=\"elementor-widget-wrap elementor-element-populated\">\n\t\t\t\t\t\t<div class=\"elementor-element elementor-element-6f955e0a elementor-widget elementor-widget-text-editor\" data-id=\"6f955e0a\" data-element_type=\"widget\" data-e-type=\"widget\" data-widget_type=\"text-editor.default\">\n\t\t\t\t<div class=\"elementor-widget-container\">\n\t\t\t\t\t\t\t\t\t<p>Contact<\/p><h1>Contact-us<\/h1><h2 style=\"font-size: 22px; line-height: 1.4em;\">To visit us you can take a 15 minutes bus ride from the RER A station Rueil-Malmaison or from the SNCF train station in La Celle Saint-Could. Take bus 27 and stop at &#8221; Elys\u00e9e 2&#8243;.\u00a0<\/h2><h2>Contact-us<\/h2><p>\n<div class=\"wpcf7 no-js\" id=\"wpcf7-f8428-o1\" lang=\"en-US\" dir=\"ltr\" data-wpcf7-id=\"8428\">\n<div class=\"screen-reader-response\"><p role=\"status\" aria-live=\"polite\" aria-atomic=\"true\"><\/p> <ul><\/ul><\/div>\n<form action=\"\/en\/wp-json\/wp\/v2\/pages\/8386#wpcf7-f8428-o1\" method=\"post\" class=\"wpcf7-form init\" aria-label=\"Contact form\" novalidate=\"novalidate\" data-status=\"init\">\n<fieldset class=\"hidden-fields-container\"><input type=\"hidden\" name=\"_wpcf7\" value=\"8428\" \/><input type=\"hidden\" name=\"_wpcf7_version\" value=\"6.1.5\" \/><input type=\"hidden\" name=\"_wpcf7_locale\" value=\"en_US\" \/><input type=\"hidden\" name=\"_wpcf7_unit_tag\" value=\"wpcf7-f8428-o1\" \/><input type=\"hidden\" name=\"_wpcf7_container_post\" value=\"0\" \/><input type=\"hidden\" name=\"_wpcf7_posted_data_hash\" value=\"\" \/><input type=\"hidden\" name=\"_wpcf7_recaptcha_response\" value=\"\" \/>\n<\/fieldset>\n<div class=\"main-form dsvy-form-style-1\">\n\t<div class=\"row\">\n\t\t<div class=\"col-md-6\">\n\t\t\t<div class=\"input-group\">\n\t\t\t\t<p><span class=\"wpcf7-form-control-wrap\" data-name=\"your-firstname\"><input size=\"40\" maxlength=\"400\" class=\"wpcf7-form-control wpcf7-text\" aria-invalid=\"false\" placeholder=\"First name\" value=\"\" type=\"text\" name=\"your-firstname\" \/><\/span>\n\t\t\t\t<\/p>\n\t\t\t<\/div>\n\t\t<\/div>\n\t\t<div class=\"col-md-6\">\n\t\t\t<div class=\"input-group\">\n\t\t\t\t<p><span class=\"wpcf7-form-control-wrap\" data-name=\"your-name\"><input size=\"40\" maxlength=\"400\" class=\"wpcf7-form-control wpcf7-text\" aria-invalid=\"false\" placeholder=\"Last name\" value=\"\" type=\"text\" name=\"your-name\" \/><\/span>\n\t\t\t\t<\/p>\n\t\t\t<\/div>\n\t\t<\/div>\n\t\t<div class=\"col-md-6\">\n\t\t\t<div class=\"input-group\">\n\t\t\t\t<p><span class=\"wpcf7-form-control-wrap\" data-name=\"phone\"><input size=\"40\" maxlength=\"400\" class=\"wpcf7-form-control wpcf7-text\" aria-invalid=\"false\" placeholder=\"Phone number\" value=\"\" type=\"text\" name=\"phone\" \/><\/span>\n\t\t\t\t<\/p>\n\t\t\t<\/div>\n\t\t<\/div>\n\t\t<div class=\"col-md-6\">\n\t\t\t<div class=\"input-group\">\n\t\t\t\t<p><span class=\"wpcf7-form-control-wrap\" data-name=\"your-email\"><input size=\"40\" maxlength=\"400\" class=\"wpcf7-form-control wpcf7-email wpcf7-validates-as-required wpcf7-text wpcf7-validates-as-email\" aria-required=\"true\" aria-invalid=\"false\" placeholder=\"Email\" value=\"\" type=\"email\" name=\"your-email\" \/><\/span>\n\t\t\t\t<\/p>\n\t\t\t<\/div>\n\t\t<\/div>\n\t\t<div class=\"col-md-12\">\n\t\t\t<div class=\"input-group input-button\">\n\t\t\t\t<p><span class=\"wpcf7-form-control-wrap\" data-name=\"message\"><textarea cols=\"40\" rows=\"4\" maxlength=\"2000\" class=\"wpcf7-form-control wpcf7-textarea\" aria-invalid=\"false\" name=\"message\">If your message concerns a possible registration, please specify your child\u2019s name  and the year group they will be in next year.<\/textarea><\/span>\n\t\t\t\t<\/p>\n\t\t\t<\/div>\n\t\t<\/div>\n\t\t<div class=\"col-md-8 col-sm-12\">\n\t\t\t<div class=\"input-group input-button\">\n\t\t\t\t<p><button id='submit' class='wpcf7-form-control wpcf7-submit sentcontact'>Submit<\/button>\n\t\t\t\t<\/p>\n\t\t\t<\/div>\n\t\t<\/div>\n\t<\/div>\n<\/div><div class=\"wpcf7-response-output\" aria-hidden=\"true\"><\/div>\n<\/form>\n<\/div>\n<\/p><h2>You can contact us by email or phone :<\/h2><h2>Localisation<\/h2><p>Centre Com. Elys\u00e9e Village<br \/>18 avenue de la Jonch\u00e8re<br \/>78170 La Celle-Saint-Cloud<\/p><h2>Phone<\/h2><p>01 81 93 10 92<\/p><h2>Email<\/h2><p>contact@lajonchere.org<\/p><h2>And follow us on social networks :<\/h2><ul><li>Facebook : <a href=\"https:\/\/www.facebook.com\/LaJonchere78\">La jonch\u00e8re<\/a><\/li><li>Linkedin : <a href=\"https:\/\/www.linkedin.com\/company\/lajonchere\/\">La Jonch\u00e8re<\/a><\/li><li>Instagram : <a href=\"https:\/\/www.instagram.com\/lajonchere78\/\">La Jonch\u00e8re<\/a><\/li><li>Youtube : <a href=\"https:\/\/www.youtube.com\/@lajonchere78\">lajonchere78<\/a><\/li><\/ul>\t\t\t\t\t\t\t\t<\/div>\n\t\t\t\t<\/div>\n\t\t\t\t\t<\/div>\n\t\t<\/div>\n\t\t\t\t\t<\/div>\n\t\t<\/section>\n\t\t\t\t<\/div>\n\t\t","protected":false},"excerpt":{"rendered":"<p>Contact Contact-us To visit us you can take a 15 minutes bus ride from the RER A station Rueil-Malmaison or from the SNCF train station in La Celle Saint-Could. Take bus 27 and stop at &#8221; Elys\u00e9e 2&#8243;. Contact-us You can contact us by email or phone : Localisation Centre Com. Elys\u00e9e Village 18 avenue de la Jonch\u00e8re 78170 La Celle-Saint-Cloud Phone 01 81 93 10 92 Email contact@lajonchere.org And[&hellip;]<\/p>\n","protected":false},"author":7,"featured_media":0,"parent":0,"menu_order":15,"comment_status":"closed","ping_status":"closed","template":"","meta":{"_acf_changed":false,"footnotes":""},"class_list":["post-8386","page","type-page","status-publish","hentry"],"acf":[],"yoast_head":"<!-- This site is optimized with the Yoast SEO plugin v27.4 - https:\/\/yoast.com\/product\/yoast-seo-wordpress\/ -->\n<title>Contact the team - High School La Jonch\u00e8re<\/title>\n<meta name=\"description\" content=\"Contact La Jonch\u00e8re, an alternative middle and high school located in La-Celle-Saint-Cloud. Bilingual program, teaching staff, and admissions: find all the information here.\" \/>\n<meta name=\"robots\" content=\"index, follow, max-snippet:-1, max-image-preview:large, max-video-preview:-1\" \/>\n<link rel=\"canonical\" href=\"https:\/\/lajonchere.org\/en\/contact-us\/\" \/>\n<meta property=\"og:locale\" content=\"en_US\" \/>\n<meta property=\"og:type\" content=\"article\" \/>\n<meta property=\"og:title\" content=\"Contact the team - High School La Jonch\u00e8re\" \/>\n<meta property=\"og:description\" content=\"Contact La Jonch\u00e8re, an alternative middle and high school located in La-Celle-Saint-Cloud. Bilingual program, teaching staff, and admissions: find all the information here.\" \/>\n<meta property=\"og:url\" content=\"https:\/\/lajonchere.org\/en\/contact-us\/\" \/>\n<meta property=\"og:site_name\" content=\"La Jonch\u00e8re\" \/>\n<meta property=\"article:publisher\" content=\"https:\/\/www.facebook.com\/LaJonchere78\" \/>\n<meta property=\"article:modified_time\" content=\"2026-03-04T13:08:30+00:00\" \/>\n<meta name=\"twitter:card\" content=\"summary_large_image\" \/>\n<script type=\"application\/ld+json\" class=\"yoast-schema-graph\">{\"@context\":\"https:\\\/\\\/schema.org\",\"@graph\":[{\"@type\":\"WebPage\",\"@id\":\"https:\\\/\\\/lajonchere.org\\\/en\\\/contact-us\\\/\",\"url\":\"https:\\\/\\\/lajonchere.org\\\/en\\\/contact-us\\\/\",\"name\":\"Contact the team - High School La Jonch\u00e8re\",\"isPartOf\":{\"@id\":\"https:\\\/\\\/lajonchere.org\\\/en\\\/#website\"},\"datePublished\":\"2020-06-03T07:25:39+00:00\",\"dateModified\":\"2026-03-04T13:08:30+00:00\",\"description\":\"Contact La Jonch\u00e8re, an alternative middle and high school located in La-Celle-Saint-Cloud. Bilingual program, teaching staff, and admissions: find all the information here.\",\"breadcrumb\":{\"@id\":\"https:\\\/\\\/lajonchere.org\\\/en\\\/contact-us\\\/#breadcrumb\"},\"inLanguage\":\"en-US\",\"potentialAction\":[{\"@type\":\"ReadAction\",\"target\":[\"https:\\\/\\\/lajonchere.org\\\/en\\\/contact-us\\\/\"]}]},{\"@type\":\"BreadcrumbList\",\"@id\":\"https:\\\/\\\/lajonchere.org\\\/en\\\/contact-us\\\/#breadcrumb\",\"itemListElement\":[{\"@type\":\"ListItem\",\"position\":1,\"name\":\"Home\",\"item\":\"https:\\\/\\\/lajonchere.org\\\/en\\\/\"},{\"@type\":\"ListItem\",\"position\":2,\"name\":\"Contact\"}]},{\"@type\":\"WebSite\",\"@id\":\"https:\\\/\\\/lajonchere.org\\\/en\\\/#website\",\"url\":\"https:\\\/\\\/lajonchere.org\\\/en\\\/\",\"name\":\"La Jonch\u00e8re\",\"description\":\"Coll\u00e8ge et Lyc\u00e9e Montessori\",\"publisher\":{\"@id\":\"https:\\\/\\\/lajonchere.org\\\/en\\\/#organization\"},\"potentialAction\":[{\"@type\":\"SearchAction\",\"target\":{\"@type\":\"EntryPoint\",\"urlTemplate\":\"https:\\\/\\\/lajonchere.org\\\/en\\\/?s={search_term_string}\"},\"query-input\":{\"@type\":\"PropertyValueSpecification\",\"valueRequired\":true,\"valueName\":\"search_term_string\"}}],\"inLanguage\":\"en-US\"},{\"@type\":\"Organization\",\"@id\":\"https:\\\/\\\/lajonchere.org\\\/en\\\/#organization\",\"name\":\"La Jonch\u00e8re\",\"url\":\"https:\\\/\\\/lajonchere.org\\\/en\\\/\",\"logo\":{\"@type\":\"ImageObject\",\"inLanguage\":\"en-US\",\"@id\":\"https:\\\/\\\/lajonchere.org\\\/en\\\/#\\\/schema\\\/logo\\\/image\\\/\",\"url\":\"https:\\\/\\\/lajonchere.org\\\/media\\\/2021\\\/05\\\/logo_horizontal_cmjnS.png\",\"contentUrl\":\"https:\\\/\\\/lajonchere.org\\\/media\\\/2021\\\/05\\\/logo_horizontal_cmjnS.png\",\"width\":900,\"height\":254,\"caption\":\"La Jonch\u00e8re\"},\"image\":{\"@id\":\"https:\\\/\\\/lajonchere.org\\\/en\\\/#\\\/schema\\\/logo\\\/image\\\/\"},\"sameAs\":[\"https:\\\/\\\/www.facebook.com\\\/LaJonchere78\",\"https:\\\/\\\/www.instagram.com\\\/lajonchere78\\\/\",\"https:\\\/\\\/www.linkedin.com\\\/company\\\/lajonchere\\\/\"]}]}<\/script>\n<!-- \/ Yoast SEO plugin. -->","yoast_head_json":{"title":"Contact the team - High School La Jonch\u00e8re","description":"Contact La Jonch\u00e8re, an alternative middle and high school located in La-Celle-Saint-Cloud. Bilingual program, teaching staff, and admissions: find all the information here.","robots":{"index":"index","follow":"follow","max-snippet":"max-snippet:-1","max-image-preview":"max-image-preview:large","max-video-preview":"max-video-preview:-1"},"canonical":"https:\/\/lajonchere.org\/en\/contact-us\/","og_locale":"en_US","og_type":"article","og_title":"Contact the team - High School La Jonch\u00e8re","og_description":"Contact La Jonch\u00e8re, an alternative middle and high school located in La-Celle-Saint-Cloud. Bilingual program, teaching staff, and admissions: find all the information here.","og_url":"https:\/\/lajonchere.org\/en\/contact-us\/","og_site_name":"La Jonch\u00e8re","article_publisher":"https:\/\/www.facebook.com\/LaJonchere78","article_modified_time":"2026-03-04T13:08:30+00:00","twitter_card":"summary_large_image","schema":{"@context":"https:\/\/schema.org","@graph":[{"@type":"WebPage","@id":"https:\/\/lajonchere.org\/en\/contact-us\/","url":"https:\/\/lajonchere.org\/en\/contact-us\/","name":"Contact the team - High School La Jonch\u00e8re","isPartOf":{"@id":"https:\/\/lajonchere.org\/en\/#website"},"datePublished":"2020-06-03T07:25:39+00:00","dateModified":"2026-03-04T13:08:30+00:00","description":"Contact La Jonch\u00e8re, an alternative middle and high school located in La-Celle-Saint-Cloud. Bilingual program, teaching staff, and admissions: find all the information here.","breadcrumb":{"@id":"https:\/\/lajonchere.org\/en\/contact-us\/#breadcrumb"},"inLanguage":"en-US","potentialAction":[{"@type":"ReadAction","target":["https:\/\/lajonchere.org\/en\/contact-us\/"]}]},{"@type":"BreadcrumbList","@id":"https:\/\/lajonchere.org\/en\/contact-us\/#breadcrumb","itemListElement":[{"@type":"ListItem","position":1,"name":"Home","item":"https:\/\/lajonchere.org\/en\/"},{"@type":"ListItem","position":2,"name":"Contact"}]},{"@type":"WebSite","@id":"https:\/\/lajonchere.org\/en\/#website","url":"https:\/\/lajonchere.org\/en\/","name":"La Jonch\u00e8re","description":"Coll\u00e8ge et Lyc\u00e9e Montessori","publisher":{"@id":"https:\/\/lajonchere.org\/en\/#organization"},"potentialAction":[{"@type":"SearchAction","target":{"@type":"EntryPoint","urlTemplate":"https:\/\/lajonchere.org\/en\/?s={search_term_string}"},"query-input":{"@type":"PropertyValueSpecification","valueRequired":true,"valueName":"search_term_string"}}],"inLanguage":"en-US"},{"@type":"Organization","@id":"https:\/\/lajonchere.org\/en\/#organization","name":"La Jonch\u00e8re","url":"https:\/\/lajonchere.org\/en\/","logo":{"@type":"ImageObject","inLanguage":"en-US","@id":"https:\/\/lajonchere.org\/en\/#\/schema\/logo\/image\/","url":"https:\/\/lajonchere.org\/media\/2021\/05\/logo_horizontal_cmjnS.png","contentUrl":"https:\/\/lajonchere.org\/media\/2021\/05\/logo_horizontal_cmjnS.png","width":900,"height":254,"caption":"La Jonch\u00e8re"},"image":{"@id":"https:\/\/lajonchere.org\/en\/#\/schema\/logo\/image\/"},"sameAs":["https:\/\/www.facebook.com\/LaJonchere78","https:\/\/www.instagram.com\/lajonchere78\/","https:\/\/www.linkedin.com\/company\/lajonchere\/"]}]}},"_links":{"self":[{"href":"https:\/\/lajonchere.org\/en\/wp-json\/wp\/v2\/pages\/8386","targetHints":{"allow":["GET"]}}],"collection":[{"href":"https:\/\/lajonchere.org\/en\/wp-json\/wp\/v2\/pages"}],"about":[{"href":"https:\/\/lajonchere.org\/en\/wp-json\/wp\/v2\/types\/page"}],"author":[{"embeddable":true,"href":"https:\/\/lajonchere.org\/en\/wp-json\/wp\/v2\/users\/7"}],"replies":[{"embeddable":true,"href":"https:\/\/lajonchere.org\/en\/wp-json\/wp\/v2\/comments?post=8386"}],"version-history":[{"count":8,"href":"https:\/\/lajonchere.org\/en\/wp-json\/wp\/v2\/pages\/8386\/revisions"}],"predecessor-version":[{"id":8573,"href":"https:\/\/lajonchere.org\/en\/wp-json\/wp\/v2\/pages\/8386\/revisions\/8573"}],"wp:attachment":[{"href":"https:\/\/lajonchere.org\/en\/wp-json\/wp\/v2\/media?parent=8386"}],"curies":[{"name":"wp","href":"https:\/\/api.w.org\/{rel}","templated":true}]}}