{"id":12113,"date":"2025-10-30T16:19:48","date_gmt":"2025-10-30T15:19:48","guid":{"rendered":"https:\/\/lajonchere.org\/?page_id=12113"},"modified":"2026-03-04T14:07:44","modified_gmt":"2026-03-04T13:07:44","slug":"welcome-to-la-jonchere","status":"publish","type":"page","link":"https:\/\/lajonchere.org\/en\/welcome-to-la-jonchere\/","title":{"rendered":"Welcome to La Jonchere"},"content":{"rendered":"","protected":false},"excerpt":{"rendered":"","protected":false},"author":7,"featured_media":0,"parent":0,"menu_order":0,"comment_status":"closed","ping_status":"closed","template":"template\/home-v2.php","meta":{"_acf_changed":false,"footnotes":""},"class_list":["post-12113","page","type-page","status-publish","hentry"],"acf":[],"yoast_head":"<!-- This site is optimized with the Yoast SEO plugin v27.4 - https:\/\/yoast.com\/product\/yoast-seo-wordpress\/ -->\n<title>Welcome to La Jonchere - La Jonch\u00e8re<\/title>\n<meta name=\"description\" content=\"Explore La Jonch\u00e8re, an alternative middle and high school located in La-Celle-Saint-Cloud. Bilingual program, teaching staff, and admissions: find all the information here.\" \/>\n<meta name=\"robots\" content=\"index, follow, max-snippet:-1, max-image-preview:large, max-video-preview:-1\" \/>\n<link rel=\"canonical\" href=\"https:\/\/lajonchere.org\/en\/welcome-to-la-jonchere\/\" \/>\n<meta property=\"og:locale\" content=\"en_US\" \/>\n<meta property=\"og:type\" content=\"article\" \/>\n<meta property=\"og:title\" content=\"Welcome to La Jonchere - La Jonch\u00e8re\" \/>\n<meta property=\"og:description\" content=\"Explore La Jonch\u00e8re, an alternative middle and high school located in La-Celle-Saint-Cloud. Bilingual program, teaching staff, and admissions: find all the information here.\" \/>\n<meta property=\"og:url\" content=\"https:\/\/lajonchere.org\/en\/welcome-to-la-jonchere\/\" \/>\n<meta property=\"og:site_name\" content=\"La Jonch\u00e8re\" \/>\n<meta property=\"article:publisher\" content=\"https:\/\/www.facebook.com\/LaJonchere78\" \/>\n<meta property=\"article:modified_time\" content=\"2026-03-04T13:07:44+00:00\" \/>\n<meta name=\"twitter:card\" content=\"summary_large_image\" \/>\n<script type=\"application\/ld+json\" class=\"yoast-schema-graph\">{\"@context\":\"https:\\\/\\\/schema.org\",\"@graph\":[{\"@type\":\"WebPage\",\"@id\":\"https:\\\/\\\/lajonchere.org\\\/en\\\/welcome-to-la-jonchere\\\/\",\"url\":\"https:\\\/\\\/lajonchere.org\\\/en\\\/welcome-to-la-jonchere\\\/\",\"name\":\"Welcome to La Jonchere - La Jonch\u00e8re\",\"isPartOf\":{\"@id\":\"https:\\\/\\\/lajonchere.org\\\/en\\\/#website\"},\"datePublished\":\"2025-10-30T15:19:48+00:00\",\"dateModified\":\"2026-03-04T13:07:44+00:00\",\"description\":\"Explore La Jonch\u00e8re, an alternative middle and high school located in La-Celle-Saint-Cloud. Bilingual program, teaching staff, and admissions: find all the information here.\",\"breadcrumb\":{\"@id\":\"https:\\\/\\\/lajonchere.org\\\/en\\\/welcome-to-la-jonchere\\\/#breadcrumb\"},\"inLanguage\":\"en-US\",\"potentialAction\":[{\"@type\":\"ReadAction\",\"target\":[\"https:\\\/\\\/lajonchere.org\\\/en\\\/welcome-to-la-jonchere\\\/\"]}]},{\"@type\":\"BreadcrumbList\",\"@id\":\"https:\\\/\\\/lajonchere.org\\\/en\\\/welcome-to-la-jonchere\\\/#breadcrumb\",\"itemListElement\":[{\"@type\":\"ListItem\",\"position\":1,\"name\":\"Home\",\"item\":\"https:\\\/\\\/lajonchere.org\\\/en\\\/\"},{\"@type\":\"ListItem\",\"position\":2,\"name\":\"Welcome to La Jonchere\"}]},{\"@type\":\"WebSite\",\"@id\":\"https:\\\/\\\/lajonchere.org\\\/en\\\/#website\",\"url\":\"https:\\\/\\\/lajonchere.org\\\/en\\\/\",\"name\":\"La Jonch\u00e8re\",\"description\":\"Coll\u00e8ge et Lyc\u00e9e Montessori\",\"publisher\":{\"@id\":\"https:\\\/\\\/lajonchere.org\\\/en\\\/#organization\"},\"potentialAction\":[{\"@type\":\"SearchAction\",\"target\":{\"@type\":\"EntryPoint\",\"urlTemplate\":\"https:\\\/\\\/lajonchere.org\\\/en\\\/?s={search_term_string}\"},\"query-input\":{\"@type\":\"PropertyValueSpecification\",\"valueRequired\":true,\"valueName\":\"search_term_string\"}}],\"inLanguage\":\"en-US\"},{\"@type\":\"Organization\",\"@id\":\"https:\\\/\\\/lajonchere.org\\\/en\\\/#organization\",\"name\":\"La Jonch\u00e8re\",\"url\":\"https:\\\/\\\/lajonchere.org\\\/en\\\/\",\"logo\":{\"@type\":\"ImageObject\",\"inLanguage\":\"en-US\",\"@id\":\"https:\\\/\\\/lajonchere.org\\\/en\\\/#\\\/schema\\\/logo\\\/image\\\/\",\"url\":\"https:\\\/\\\/lajonchere.org\\\/media\\\/2021\\\/05\\\/logo_horizontal_cmjnS.png\",\"contentUrl\":\"https:\\\/\\\/lajonchere.org\\\/media\\\/2021\\\/05\\\/logo_horizontal_cmjnS.png\",\"width\":900,\"height\":254,\"caption\":\"La Jonch\u00e8re\"},\"image\":{\"@id\":\"https:\\\/\\\/lajonchere.org\\\/en\\\/#\\\/schema\\\/logo\\\/image\\\/\"},\"sameAs\":[\"https:\\\/\\\/www.facebook.com\\\/LaJonchere78\",\"https:\\\/\\\/www.instagram.com\\\/lajonchere78\\\/\",\"https:\\\/\\\/www.linkedin.com\\\/company\\\/lajonchere\\\/\"]}]}<\/script>\n<!-- \/ Yoast SEO plugin. -->","yoast_head_json":{"title":"Welcome to La Jonchere - La Jonch\u00e8re","description":"Explore La Jonch\u00e8re, an alternative middle and high school located in La-Celle-Saint-Cloud. Bilingual program, teaching staff, and admissions: find all the information here.","robots":{"index":"index","follow":"follow","max-snippet":"max-snippet:-1","max-image-preview":"max-image-preview:large","max-video-preview":"max-video-preview:-1"},"canonical":"https:\/\/lajonchere.org\/en\/welcome-to-la-jonchere\/","og_locale":"en_US","og_type":"article","og_title":"Welcome to La Jonchere - La Jonch\u00e8re","og_description":"Explore La Jonch\u00e8re, an alternative middle and high school located in La-Celle-Saint-Cloud. Bilingual program, teaching staff, and admissions: find all the information here.","og_url":"https:\/\/lajonchere.org\/en\/welcome-to-la-jonchere\/","og_site_name":"La Jonch\u00e8re","article_publisher":"https:\/\/www.facebook.com\/LaJonchere78","article_modified_time":"2026-03-04T13:07:44+00:00","twitter_card":"summary_large_image","schema":{"@context":"https:\/\/schema.org","@graph":[{"@type":"WebPage","@id":"https:\/\/lajonchere.org\/en\/welcome-to-la-jonchere\/","url":"https:\/\/lajonchere.org\/en\/welcome-to-la-jonchere\/","name":"Welcome to La Jonchere - La Jonch\u00e8re","isPartOf":{"@id":"https:\/\/lajonchere.org\/en\/#website"},"datePublished":"2025-10-30T15:19:48+00:00","dateModified":"2026-03-04T13:07:44+00:00","description":"Explore La Jonch\u00e8re, an alternative middle and high school located in La-Celle-Saint-Cloud. Bilingual program, teaching staff, and admissions: find all the information here.","breadcrumb":{"@id":"https:\/\/lajonchere.org\/en\/welcome-to-la-jonchere\/#breadcrumb"},"inLanguage":"en-US","potentialAction":[{"@type":"ReadAction","target":["https:\/\/lajonchere.org\/en\/welcome-to-la-jonchere\/"]}]},{"@type":"BreadcrumbList","@id":"https:\/\/lajonchere.org\/en\/welcome-to-la-jonchere\/#breadcrumb","itemListElement":[{"@type":"ListItem","position":1,"name":"Home","item":"https:\/\/lajonchere.org\/en\/"},{"@type":"ListItem","position":2,"name":"Welcome to La Jonchere"}]},{"@type":"WebSite","@id":"https:\/\/lajonchere.org\/en\/#website","url":"https:\/\/lajonchere.org\/en\/","name":"La Jonch\u00e8re","description":"Coll\u00e8ge et Lyc\u00e9e Montessori","publisher":{"@id":"https:\/\/lajonchere.org\/en\/#organization"},"potentialAction":[{"@type":"SearchAction","target":{"@type":"EntryPoint","urlTemplate":"https:\/\/lajonchere.org\/en\/?s={search_term_string}"},"query-input":{"@type":"PropertyValueSpecification","valueRequired":true,"valueName":"search_term_string"}}],"inLanguage":"en-US"},{"@type":"Organization","@id":"https:\/\/lajonchere.org\/en\/#organization","name":"La Jonch\u00e8re","url":"https:\/\/lajonchere.org\/en\/","logo":{"@type":"ImageObject","inLanguage":"en-US","@id":"https:\/\/lajonchere.org\/en\/#\/schema\/logo\/image\/","url":"https:\/\/lajonchere.org\/media\/2021\/05\/logo_horizontal_cmjnS.png","contentUrl":"https:\/\/lajonchere.org\/media\/2021\/05\/logo_horizontal_cmjnS.png","width":900,"height":254,"caption":"La Jonch\u00e8re"},"image":{"@id":"https:\/\/lajonchere.org\/en\/#\/schema\/logo\/image\/"},"sameAs":["https:\/\/www.facebook.com\/LaJonchere78","https:\/\/www.instagram.com\/lajonchere78\/","https:\/\/www.linkedin.com\/company\/lajonchere\/"]}]}},"_links":{"self":[{"href":"https:\/\/lajonchere.org\/en\/wp-json\/wp\/v2\/pages\/12113","targetHints":{"allow":["GET"]}}],"collection":[{"href":"https:\/\/lajonchere.org\/en\/wp-json\/wp\/v2\/pages"}],"about":[{"href":"https:\/\/lajonchere.org\/en\/wp-json\/wp\/v2\/types\/page"}],"author":[{"embeddable":true,"href":"https:\/\/lajonchere.org\/en\/wp-json\/wp\/v2\/users\/7"}],"replies":[{"embeddable":true,"href":"https:\/\/lajonchere.org\/en\/wp-json\/wp\/v2\/comments?post=12113"}],"version-history":[{"count":8,"href":"https:\/\/lajonchere.org\/en\/wp-json\/wp\/v2\/pages\/12113\/revisions"}],"predecessor-version":[{"id":12523,"href":"https:\/\/lajonchere.org\/en\/wp-json\/wp\/v2\/pages\/12113\/revisions\/12523"}],"wp:attachment":[{"href":"https:\/\/lajonchere.org\/en\/wp-json\/wp\/v2\/media?parent=12113"}],"curies":[{"name":"wp","href":"https:\/\/api.w.org\/{rel}","templated":true}]}}